{"id":282,"date":"2021-05-28T15:55:01","date_gmt":"2021-05-28T15:55:01","guid":{"rendered":"https:\/\/f29bar.es\/?page_id=282"},"modified":"2021-06-10T15:55:34","modified_gmt":"2021-06-10T15:55:34","slug":"donde-estamos","status":"publish","type":"page","link":"https:\/\/f29bar.es\/en\/donde-estamos\/","title":{"rendered":"D\u00f3nde estamos"},"content":{"rendered":"<div data-elementor-type=\"wp-page\" data-elementor-id=\"282\" class=\"elementor elementor-282\">\n\t\t\t\t\t\t\t\t\t<section class=\"elementor-section elementor-top-section elementor-element elementor-element-e5b3559 elementor-section-full_width elementor-section-height-min-height elementor-section-height-default elementor-section-items-middle\" data-id=\"e5b3559\" data-element_type=\"section\" data-settings=\"{&quot;background_background&quot;:&quot;classic&quot;}\">\n\t\t\t\t\t\t<div class=\"elementor-container elementor-column-gap-default\">\n\t\t\t\t\t<div class=\"elementor-column elementor-col-100 elementor-top-column elementor-element elementor-element-6223a20\" data-id=\"6223a20\" data-element_type=\"column\">\n\t\t\t<div class=\"elementor-widget-wrap elementor-element-populated\">\n\t\t\t\t\t\t\t\t<div class=\"elementor-element elementor-element-f0ff28e elementor-widget elementor-widget-heading\" data-id=\"f0ff28e\" data-element_type=\"widget\" data-widget_type=\"heading.default\">\n\t\t\t\t<div class=\"elementor-widget-container\">\n\t\t\t<h1 class=\"elementor-heading-title elementor-size-xl\">Where we are located<\/h1>\t\t<\/div>\n\t\t\t\t<\/div>\n\t\t\t\t\t<\/div>\n\t\t<\/div>\n\t\t\t\t\t\t\t<\/div>\n\t\t<\/section>\n\t\t\t\t<section class=\"elementor-section elementor-top-section elementor-element elementor-element-5b4da06 elementor-section-boxed elementor-section-height-default elementor-section-height-default\" data-id=\"5b4da06\" data-element_type=\"section\">\n\t\t\t\t\t\t<div class=\"elementor-container elementor-column-gap-default\">\n\t\t\t\t\t<div class=\"elementor-column elementor-col-100 elementor-top-column elementor-element elementor-element-31419db\" data-id=\"31419db\" data-element_type=\"column\">\n\t\t\t<div class=\"elementor-widget-wrap elementor-element-populated\">\n\t\t\t\t\t\t\t\t<div class=\"elementor-element elementor-element-fe69352 elementor-widget elementor-widget-google_maps\" data-id=\"fe69352\" data-element_type=\"widget\" data-widget_type=\"google_maps.default\">\n\t\t\t\t<div class=\"elementor-widget-container\">\n\t\t\t\t\t<div class=\"elementor-custom-embed\">\n\t\t\t<iframe frameborder=\"0\" scrolling=\"no\" marginheight=\"0\" marginwidth=\"0\"\n\t\t\t\t\tsrc=\"https:\/\/maps.google.com\/maps?q=f29%20bar&#038;t=m&#038;z=16&#038;output=embed&#038;iwloc=near\"\n\t\t\t\t\ttitle=\"f29 bar\"\n\t\t\t\t\taria-label=\"f29 bar\"\n\t\t\t><\/iframe>\n\t\t<\/div>\n\t\t\t\t<\/div>\n\t\t\t\t<\/div>\n\t\t\t\t\t<\/div>\n\t\t<\/div>\n\t\t\t\t\t\t\t<\/div>\n\t\t<\/section>\n\t\t\t\t<section class=\"elementor-section elementor-top-section elementor-element elementor-element-499f756 elementor-section-boxed elementor-section-height-default elementor-section-height-default\" data-id=\"499f756\" data-element_type=\"section\">\n\t\t\t\t\t\t<div class=\"elementor-container elementor-column-gap-default\">\n\t\t\t\t\t<div class=\"elementor-column elementor-col-100 elementor-top-column elementor-element elementor-element-3da64c0\" data-id=\"3da64c0\" data-element_type=\"column\">\n\t\t\t<div class=\"elementor-widget-wrap elementor-element-populated\">\n\t\t\t\t\t\t\t\t<div class=\"elementor-element elementor-element-fed0771 elementor-widget elementor-widget-text-editor\" data-id=\"fed0771\" data-element_type=\"widget\" data-widget_type=\"text-editor.default\">\n\t\t\t\t<div class=\"elementor-widget-container\">\n\t\t\t\t\t\t\t<h3>Make your reservation:<\/h3><p>\u00a0<\/p><p>\u2708\ufe0e <strong>Phone:<\/strong> 928 91 83 48<\/p><p>\u00a0<\/p><p><!-- \/wp:paragraph --><!-- wp:paragraph --><\/p><p class=\" translation-block\">\u2708\ufe0e <strong>Email:<\/strong> info@f29bar.es<\/p>\t\t\t\t\t\t<\/div>\n\t\t\t\t<\/div>\n\t\t\t\t\t<\/div>\n\t\t<\/div>\n\t\t\t\t\t\t\t<\/div>\n\t\t<\/section>\n\t\t\t\t<section class=\"elementor-section elementor-top-section elementor-element elementor-element-a112afc elementor-section-boxed elementor-section-height-default elementor-section-height-default\" data-id=\"a112afc\" data-element_type=\"section\" data-settings=\"{&quot;background_background&quot;:&quot;classic&quot;}\">\n\t\t\t\t\t\t<div class=\"elementor-container elementor-column-gap-default\">\n\t\t\t\t\t<div class=\"elementor-column elementor-col-100 elementor-top-column elementor-element elementor-element-a99ca11\" data-id=\"a99ca11\" data-element_type=\"column\">\n\t\t\t<div class=\"elementor-widget-wrap elementor-element-populated\">\n\t\t\t\t\t\t\t\t<div class=\"elementor-element elementor-element-58366ca elementor-shape-rounded elementor-grid-0 e-grid-align-center elementor-widget elementor-widget-social-icons\" data-id=\"58366ca\" data-element_type=\"widget\" data-widget_type=\"social-icons.default\">\n\t\t\t\t<div class=\"elementor-widget-container\">\n\t\t\t\t\t<div class=\"elementor-social-icons-wrapper elementor-grid\">\n\t\t\t\t\t\t\t<span class=\"elementor-grid-item\">\n\t\t\t\t\t<a class=\"elementor-icon elementor-social-icon elementor-social-icon-instagram elementor-repeater-item-9e7a0ae\" href=\"https:\/\/www.instagram.com\/f29bar\/\" target=\"_blank\">\n\t\t\t\t\t\t<span class=\"elementor-screen-only\">Instagram<\/span>\n\t\t\t\t\t\t<i class=\"fab fa-instagram\"><\/i>\t\t\t\t\t<\/a>\n\t\t\t\t<\/span>\n\t\t\t\t\t\t\t<span class=\"elementor-grid-item\">\n\t\t\t\t\t<a class=\"elementor-icon elementor-social-icon elementor-social-icon-facebook elementor-repeater-item-d45ba26\" href=\"https:\/\/www.facebook.com\/f29bar\" target=\"_blank\">\n\t\t\t\t\t\t<span class=\"elementor-screen-only\">Facebook<\/span>\n\t\t\t\t\t\t<i class=\"fab fa-facebook\"><\/i>\t\t\t\t\t<\/a>\n\t\t\t\t<\/span>\n\t\t\t\t\t<\/div>\n\t\t\t\t<\/div>\n\t\t\t\t<\/div>\n\t\t\t\t\t<\/div>\n\t\t<\/div>\n\t\t\t\t\t\t\t<\/div>\n\t\t<\/section>\n\t\t\t\t\t\t\t<\/div>","protected":false},"excerpt":{"rendered":"<p>D\u00f3nde nos encontramos Haz tu reserva en:\u00a0\u2708\ufe0e Tel\u00e9fono: 928 91 83 48\u00a0\u2708\ufe0e Email: info@f29bar.es Instagram Facebook<\/p>","protected":false},"author":1,"featured_media":0,"parent":0,"menu_order":0,"comment_status":"closed","ping_status":"closed","template":"elementor_header_footer","meta":[],"yoast_head":"<!-- This site is optimized with the Yoast SEO plugin v18.9 - https:\/\/yoast.com\/wordpress\/plugins\/seo\/ -->\n<title>D\u00f3nde estamos - F29 Bar &amp; Lounge<\/title>\n<meta name=\"description\" content=\"En la hermosa playa de las canteras nos encontramos, ven y del\u00e9itate con nuestros c\u00f3cteles y el sonido de mar. \u2708VUELA, FANTASEA Y REL\u00c1JATE.\" \/>\n<meta name=\"robots\" content=\"index, follow, max-snippet:-1, max-image-preview:large, max-video-preview:-1\" \/>\n<link rel=\"canonical\" href=\"https:\/\/f29bar.es\/en\/donde-estamos\/\" \/>\n<meta property=\"og:locale\" content=\"en_GB\" \/>\n<meta property=\"og:type\" content=\"article\" \/>\n<meta property=\"og:title\" content=\"D\u00f3nde estamos - F29 Bar &amp; Lounge\" \/>\n<meta property=\"og:description\" content=\"En la hermosa playa de las canteras nos encontramos, ven y del\u00e9itate con nuestros c\u00f3cteles y el sonido de mar. \u2708VUELA, FANTASEA Y REL\u00c1JATE.\" \/>\n<meta property=\"og:url\" content=\"https:\/\/f29bar.es\/en\/donde-estamos\/\" \/>\n<meta property=\"og:site_name\" content=\"F29 Bar &amp; Lounge\" \/>\n<meta property=\"article:modified_time\" content=\"2021-06-10T15:55:34+00:00\" \/>\n<meta name=\"twitter:card\" content=\"summary_large_image\" \/>\n<meta name=\"twitter:label1\" content=\"Estimated reading time\" \/>\n\t<meta name=\"twitter:data1\" content=\"1 minute\" \/>\n<script type=\"application\/ld+json\" class=\"yoast-schema-graph\">{\"@context\":\"https:\/\/schema.org\",\"@graph\":[{\"@type\":\"WebSite\",\"@id\":\"https:\/\/f29bar.es\/#website\",\"url\":\"https:\/\/f29bar.es\/\",\"name\":\"F29 Bar &amp; Lounge\",\"description\":\"Disfruta de una experiencia de altura\",\"potentialAction\":[{\"@type\":\"SearchAction\",\"target\":{\"@type\":\"EntryPoint\",\"urlTemplate\":\"https:\/\/f29bar.es\/?s={search_term_string}\"},\"query-input\":\"required name=search_term_string\"}],\"inLanguage\":\"en-GB\"},{\"@type\":\"WebPage\",\"@id\":\"https:\/\/f29bar.es\/donde-estamos\/#webpage\",\"url\":\"https:\/\/f29bar.es\/donde-estamos\/\",\"name\":\"D\u00f3nde estamos - F29 Bar &amp; Lounge\",\"isPartOf\":{\"@id\":\"https:\/\/f29bar.es\/#website\"},\"datePublished\":\"2021-05-28T15:55:01+00:00\",\"dateModified\":\"2021-06-10T15:55:34+00:00\",\"description\":\"En la hermosa playa de las canteras nos encontramos, ven y del\u00e9itate con nuestros c\u00f3cteles y el sonido de mar. \u2708VUELA, FANTASEA Y REL\u00c1JATE.\",\"breadcrumb\":{\"@id\":\"https:\/\/f29bar.es\/donde-estamos\/#breadcrumb\"},\"inLanguage\":\"en-GB\",\"potentialAction\":[{\"@type\":\"ReadAction\",\"target\":[\"https:\/\/f29bar.es\/donde-estamos\/\"]}]},{\"@type\":\"BreadcrumbList\",\"@id\":\"https:\/\/f29bar.es\/donde-estamos\/#breadcrumb\",\"itemListElement\":[{\"@type\":\"ListItem\",\"position\":1,\"name\":\"Portada\",\"item\":\"https:\/\/f29bar.es\/\"},{\"@type\":\"ListItem\",\"position\":2,\"name\":\"D\u00f3nde estamos\"}]}]}<\/script>\n<!-- \/ Yoast SEO plugin. -->","yoast_head_json":{"title":"D\u00f3nde estamos - F29 Bar &amp; Lounge","description":"En la hermosa playa de las canteras nos encontramos, ven y del\u00e9itate con nuestros c\u00f3cteles y el sonido de mar. \u2708VUELA, FANTASEA Y REL\u00c1JATE.","robots":{"index":"index","follow":"follow","max-snippet":"max-snippet:-1","max-image-preview":"max-image-preview:large","max-video-preview":"max-video-preview:-1"},"canonical":"https:\/\/f29bar.es\/en\/donde-estamos\/","og_locale":"en_GB","og_type":"article","og_title":"D\u00f3nde estamos - F29 Bar &amp; Lounge","og_description":"En la hermosa playa de las canteras nos encontramos, ven y del\u00e9itate con nuestros c\u00f3cteles y el sonido de mar. \u2708VUELA, FANTASEA Y REL\u00c1JATE.","og_url":"https:\/\/f29bar.es\/en\/donde-estamos\/","og_site_name":"F29 Bar &amp; Lounge","article_modified_time":"2021-06-10T15:55:34+00:00","twitter_card":"summary_large_image","twitter_misc":{"Estimated reading time":"1 minute"},"schema":{"@context":"https:\/\/schema.org","@graph":[{"@type":"WebSite","@id":"https:\/\/f29bar.es\/#website","url":"https:\/\/f29bar.es\/","name":"F29 Bar &amp; Lounge","description":"Disfruta de una experiencia de altura","potentialAction":[{"@type":"SearchAction","target":{"@type":"EntryPoint","urlTemplate":"https:\/\/f29bar.es\/?s={search_term_string}"},"query-input":"required name=search_term_string"}],"inLanguage":"en-GB"},{"@type":"WebPage","@id":"https:\/\/f29bar.es\/donde-estamos\/#webpage","url":"https:\/\/f29bar.es\/donde-estamos\/","name":"D\u00f3nde estamos - F29 Bar &amp; Lounge","isPartOf":{"@id":"https:\/\/f29bar.es\/#website"},"datePublished":"2021-05-28T15:55:01+00:00","dateModified":"2021-06-10T15:55:34+00:00","description":"En la hermosa playa de las canteras nos encontramos, ven y del\u00e9itate con nuestros c\u00f3cteles y el sonido de mar. \u2708VUELA, FANTASEA Y REL\u00c1JATE.","breadcrumb":{"@id":"https:\/\/f29bar.es\/donde-estamos\/#breadcrumb"},"inLanguage":"en-GB","potentialAction":[{"@type":"ReadAction","target":["https:\/\/f29bar.es\/donde-estamos\/"]}]},{"@type":"BreadcrumbList","@id":"https:\/\/f29bar.es\/donde-estamos\/#breadcrumb","itemListElement":[{"@type":"ListItem","position":1,"name":"Portada","item":"https:\/\/f29bar.es\/"},{"@type":"ListItem","position":2,"name":"D\u00f3nde estamos"}]}]}},"_links":{"self":[{"href":"https:\/\/f29bar.es\/en\/wp-json\/wp\/v2\/pages\/282"}],"collection":[{"href":"https:\/\/f29bar.es\/en\/wp-json\/wp\/v2\/pages"}],"about":[{"href":"https:\/\/f29bar.es\/en\/wp-json\/wp\/v2\/types\/page"}],"author":[{"embeddable":true,"href":"https:\/\/f29bar.es\/en\/wp-json\/wp\/v2\/users\/1"}],"replies":[{"embeddable":true,"href":"https:\/\/f29bar.es\/en\/wp-json\/wp\/v2\/comments?post=282"}],"version-history":[{"count":41,"href":"https:\/\/f29bar.es\/en\/wp-json\/wp\/v2\/pages\/282\/revisions"}],"predecessor-version":[{"id":738,"href":"https:\/\/f29bar.es\/en\/wp-json\/wp\/v2\/pages\/282\/revisions\/738"}],"wp:attachment":[{"href":"https:\/\/f29bar.es\/en\/wp-json\/wp\/v2\/media?parent=282"}],"curies":[{"name":"wp","href":"https:\/\/api.w.org\/{rel}","templated":true}]}}