{"id":42,"date":"2021-05-26T11:15:24","date_gmt":"2021-05-26T11:15:24","guid":{"rendered":"https:\/\/f29bar.es\/politica-de-cookies\/"},"modified":"2021-05-30T10:27:35","modified_gmt":"2021-05-30T10:27:35","slug":"politica-de-cookies","status":"publish","type":"page","link":"https:\/\/f29bar.es\/en\/politica-de-cookies\/","title":{"rendered":"Cookie Policy"},"content":{"rendered":"<p>\n\tEn cumplimiento con el art\u00edculo 22 de la Ley 34\/2002, de 11 de julio, de servicios de la sociedad de la informaci\u00f3n y de comercio electr\u00f3nico (LSSI), en relaci\u00f3n con el Reglamento (UE) 2016\/679 del Parlamento Europeo y del Consejo, de 27 de abril de 2016, General de Protecci\u00f3n de Datos (RGPD) y la Ley Org\u00e1nica 3\/2018, de 5 de diciembre, de Protecci\u00f3n de Datos y garant\u00eda de los derechos digitales (LOPDGDD), el Titular pone a disposici\u00f3n de los usuarios la Pol\u00edtica de recogida y tratamiento de cookies del sitio Web.\n<\/p>\n\n<h2>What are Cookies<\/h2>\n<p>\n\tUna Cookie es un fichero que se descarga en su ordenador al entrar a determinadas p\u00e1ginas web. Las cookies permiten a una p\u00e1gina web, entre otras cosas, almacenar y recuperar informaci\u00f3n sobre sus h\u00e1bitos de navegaci\u00f3n y dependiendo de la informaci\u00f3n que contengan y de la forma en que utilice su equipo pueden utilizarse para identificarle.\n<\/p>\n\n\n<h2>Cookies used on the website<\/h2>\n<p>\n\tThe cookies used by the website are classified as follows <a href=\"\">https:\/\/f29bar.es\/<\/a>:\n\t<!--as\u00ed como su tipolog\u00eda, fines de tratamiento y criterios de conservaci\u00f3n de los datos clasificadas:-->\n<\/p>\n\n<p>\n\t<b>According to the entity that manages them<\/b>\n\t<ul>\n\t\t<li>Cookies propias: Son aquellas enviadas y gestionadas directamente por el Titular.<\/li>\n\t\t<li>Cookies de terceros: Son aquellas que se env\u00edan al Usuario desde un dominio ajeno al Titular.<\/li>\n\t<\/ul>\n<\/p>\n\n<p>\n\t<b>Depending on the purpose<\/b>\n\t<ul>\n\t\t<li>\n\t\t\tCookies t\u00e9cnicas: Son aquellas que permiten a los usuarios registrados navegar a trav\u00e9s del sitio Web, del \u00e1rea restringida y a utilizar sus diferentes funciones, como por ejemplo, el sistema de comentarios o el buscador.\n\t\t<\/li>\n\t\t<li>\n\t\t\tCookies de personalizaci\u00f3n: Son aquellas que permiten a los usuarios acceder al Servicio con algunas caracter\u00edsticas de car\u00e1cter general predefinidas en funci\u00f3n de una serie de criterios establecidos por el Usuario como, por ejemplo, el idioma o el tipo de navegador a trav\u00e9s del cual se conecta a este sitio Web.\n\t\t<\/li>\n\t\t<li>\n\t\t\tCookies de an\u00e1lisis o medici\u00f3n: Son aquellas que, bien tratadas por el sitio Web o por terceros, permiten cuantificar el n\u00famero de usuarios y as\u00ed realizar la medici\u00f3n y an\u00e1lisis estad\u00edstico de la utilizaci\u00f3n que hacen los usuarios del sitio Web. Para ello se analiza la navegaci\u00f3n que realizas en este sitio Web con el fin de mejorarlo.\n\t\t<\/li>\n\t\t<li>\n\t\t\tCookies sociales: Son establecidas por las plataformas de redes sociales para permitir a los usuarios compartir contenido con sus amigos y redes.\n\t\t<\/li>\n\t<\/ul>\n<\/p>\n\n<p>\n\t<b>According to its duration<\/b>\n\t<ul>\n\t\t<li>\n\t\t\tCookies de sesi\u00f3n: Son aquellas dise\u00f1adas para recabar y almacenar datos mientras el Usuario accede al sitio Web.\n\t\t<\/li>\n\t\t<li>\n\t\t\tCookies persistentes: Son aquellas en las que los datos siguen almacenados en el terminal del Usuario y pueden ser accedidos y tratados durante un per\u00edodo definido por el responsable de la cookie.\n\t\t<\/li>\t\t\n\t<\/ul>\n<\/p>\n\n\n<h2>List of cookies used<\/h2>\n<p>\n\tThis website may set the following cookies:\n<\/p>\n<p>\n\t<b>Technical cookies:<\/b>\n\n\t<ul>\n\t\t<li><b>wp-settings-{user_id}:<\/b> Cookie t\u00e9cnica que se usa para mantener la configuraci\u00f3n del Usuario en el escritorio de WordPress (\/wp-admin). Es persistente y tiene una duraci\u00f3n de 1 a\u00f1o.<\/li>\n\t\t<li><b>hasConsent:<\/b> Cookie t\u00e9cnica que almacena el consentimiento del Usuario. Es persistente y tiene una duraci\u00f3n de 1 a\u00f1o.<\/li>\n\t<\/ul>\n<\/p>\n<p>\n\t<b>Analysis or measurement cookies:<\/b>\n\t<ul>\n\t\t<li><b>_ga:<\/b> Analytical Cookie that enables the unique visits control function. It is persistent and lasts for 2 years.<\/li>\n\t\t<li><b>_gat:<\/b> Analytical Cookie to limit the number of requests. Its scope is the session and it has a duration of 1 minute.<\/li>\n\t\t<li><b>_gid:<\/b> Analytical Cookie to distinguish users. Its scope is the session and has a duration of 24 hours.<\/li>\n\t<\/ul>\n<\/p>\n<p>\n  Additional information:\n  <ul>\n<\/p>  \n\n<li>  \n  Google Analytics puede instalar otras cookies seg\u00fan el documento Uso de las cookies de Google Analytics en sitios web que puede consultar  <a target=\"_blank\" rel=\"noopener noreferrer nofollow\" href=\"https:\/\/developers.google.com\/analytics\/devguides\/collection\/analyticsjs\/cookie-usage?hl=es\">en este enlace<\/a>.\n<\/li>\n\n<\/ul>\n\n\n<p>\n  <b>Social cookies:<\/b>\n  <ul>\n    <li>\n      El sitio Web incluye otras funcionalidades proporcionadas por servicios de terceros y redes sociales para mejorar la experiencia de los visitantes. Puede compartir el contenido en sus redes sociales como Facebook, Twitter, Instagram, Vimeo o YouTube con los botones incluidos a tal efecto o con las herramientas para compartir propias de las redes sociales. Como resultado, estos servicios pueden instalar cookies y utilizarlas para rastrear su actividad online. El Titular no tiene control directo sobre la informaci\u00f3n recopilada por estas cookies.\n    <\/li>\n  <\/ul>\n<\/p>\n\n\n\n\n\n\n\n<h2>Accepting or rejecting the installation of cookies<\/h2>\n<p>\nEl Titular muestra informaci\u00f3n sobre su Pol\u00edtica de cookies en el men\u00fa del pie de p\u00e1gina y en el banner de cookies accesible en todas las p\u00e1ginas del Sitio Web. El banner de cookies muestra informaci\u00f3n esencial sobre el tratamiento de datos y permite al Usuario realizar las siguientes acciones:\n<\/p>\n<p>\n<ul>\n  <li>Aceptar o rechazar la instalaci\u00f3n de cookies, o retirar el consentimiento previamente otorgado.<\/li>\n  <li>Cambiar las preferencias de cookies desde la p\u00e1gina Personalizar Cookies, a la que puede acceder desde el Aviso de Cookies o desde la p\u00e1gina de <a href=\"https:\/\/f29bar.es\/en\/personalizar-cookies\/\">Customize Cookies<\/a>.<\/li>\n  \n  <li>Obtener informaci\u00f3n adicional en la p\u00e1gina de  <a href=\"https:\/\/f29bar.es\/en\/politica-de-cookies\/\">Cookie Policy<\/a>.<\/li>\n<\/ul>\n<\/p>\n\n<h2>Deleting cookies<\/h2>\n<p>\n  Puede aceptar, bloquear o eliminar las cookies instaladas en su equipo mediante la configuraci\u00f3n de las opciones del navegador, pero tenga en cuenta que parte del sitio no funcionar\u00e1 correctamente o que algunas de sus funcionalidades no estar\u00e1n disponibles o tendr\u00e1n errores.\n<\/p>\n<p> \n  En los siguientes enlaces encontrar\u00e1 instrucciones para habilitar o deshabilitar las cookies en los navegadores m\u00e1s comunes.\n<\/p>\n<p>\n  <ul>\n    <li><a rel=\"nofollow\" target=\"_blank\" href=\"http:\/\/support.mozilla.org\/es\/kb\/habilitar-y-deshabilitar-cookies-que-los-sitios-we\">Firefox<\/a><\/li>\n    <li><a target=\"_blank\" rel=\"noopener noreferrer nofollow\" href=\"https:\/\/support.google.com\/chrome\/answer\/95647?hl=es\">Google Chrome<\/a><\/li>\n    <li><a target=\"_blank\" rel=\"noopener noreferrer nofollow\" href='https:\/\/support.microsoft.com\/es-es\/help\/17442\/windows-internet-explorer-delete-manage-cookies#ie=\"ie-10'>Internet Explorer<\/a><\/li>\n    <li><a target=\"_blank\" rel=\"noopener noreferrer nofollow\" href='https:\/\/support.microsoft.com\/es-es\/help\/4468242\/microsoft-edge-browsing-data-and-privacy'>Microsoft Edge<\/a><\/li>\n    <li><a rel=\"nofollow\" target=\"_blank\" href=\"http:\/\/support.apple.com\/kb\/HT1677?viewlocale=es_ES\">Safari<\/a><\/li>\n  <\/ul>\n<\/p>\n\n\n<h2>Processing of Personal Data<\/h2>\n\n<p> \n  El Titular es el Responsable del tratamiento de los datos personales del usuario.\n  Puede consultar toda la informaci\u00f3n relativa al tratamiento de datos personales que recoge el Titular en la p\u00e1gina de la  <a href=\"https:\/\/f29bar.es\/en\/politica-de-privacidad\/\">Privacy Policy<\/a>.\n<\/p>","protected":false},"excerpt":{"rendered":"<p>En cumplimiento con el art\u00edculo 22 de la Ley 34\/2002, de 11 de julio, de servicios de la sociedad de la informaci\u00f3n y de comercio electr\u00f3nico (LSSI), en relaci\u00f3n con el Reglamento (UE) 2016\/679 del Parlamento Europeo y del Consejo, de 27 de abril de 2016, General de Protecci\u00f3n de Datos (RGPD) y la Ley&hellip; <a class=\"more-link\" href=\"https:\/\/f29bar.es\/en\/politica-de-cookies\/\">Continue reading <span class=\"screen-reader-text\">Cookie Policy<\/span><\/a><\/p>","protected":false},"author":1,"featured_media":0,"parent":0,"menu_order":0,"comment_status":"closed","ping_status":"closed","template":"","meta":[],"yoast_head":"<!-- This site is optimized with the Yoast SEO plugin v18.9 - https:\/\/yoast.com\/wordpress\/plugins\/seo\/ -->\n<title>Pol\u00edtica de Cookies - F29 Bar &amp; Lounge<\/title>\n<meta name=\"description\" content=\"Esta es la pol\u00edtica de Cookies de F-29 Bar &amp; Lounge.\" \/>\n<meta name=\"robots\" content=\"noindex, nofollow\" \/>\n<meta property=\"og:locale\" content=\"en_GB\" \/>\n<meta property=\"og:type\" content=\"article\" \/>\n<meta property=\"og:title\" content=\"Pol\u00edtica de Cookies - F29 Bar &amp; Lounge\" \/>\n<meta property=\"og:description\" content=\"Esta es la pol\u00edtica de Cookies de F-29 Bar &amp; Lounge.\" \/>\n<meta property=\"og:url\" content=\"https:\/\/f29bar.es\/en\/politica-de-cookies\/\" \/>\n<meta property=\"og:site_name\" content=\"F29 Bar &amp; Lounge\" \/>\n<meta property=\"article:modified_time\" content=\"2021-05-30T10:27:35+00:00\" \/>\n<meta name=\"twitter:card\" content=\"summary_large_image\" \/>\n<script type=\"application\/ld+json\" class=\"yoast-schema-graph\">{\"@context\":\"https:\/\/schema.org\",\"@graph\":[{\"@type\":\"WebSite\",\"@id\":\"https:\/\/f29bar.es\/#website\",\"url\":\"https:\/\/f29bar.es\/\",\"name\":\"F29 Bar &amp; Lounge\",\"description\":\"Disfruta de una experiencia de altura\",\"potentialAction\":[{\"@type\":\"SearchAction\",\"target\":{\"@type\":\"EntryPoint\",\"urlTemplate\":\"https:\/\/f29bar.es\/?s={search_term_string}\"},\"query-input\":\"required name=search_term_string\"}],\"inLanguage\":\"en-GB\"},{\"@type\":\"WebPage\",\"@id\":\"https:\/\/f29bar.es\/politica-de-cookies\/#webpage\",\"url\":\"https:\/\/f29bar.es\/politica-de-cookies\/\",\"name\":\"Pol\u00edtica de Cookies - F29 Bar &amp; Lounge\",\"isPartOf\":{\"@id\":\"https:\/\/f29bar.es\/#website\"},\"datePublished\":\"2021-05-26T11:15:24+00:00\",\"dateModified\":\"2021-05-30T10:27:35+00:00\",\"description\":\"Esta es la pol\u00edtica de Cookies de F-29 Bar & Lounge.\",\"breadcrumb\":{\"@id\":\"https:\/\/f29bar.es\/politica-de-cookies\/#breadcrumb\"},\"inLanguage\":\"en-GB\",\"potentialAction\":[{\"@type\":\"ReadAction\",\"target\":[\"https:\/\/f29bar.es\/politica-de-cookies\/\"]}]},{\"@type\":\"BreadcrumbList\",\"@id\":\"https:\/\/f29bar.es\/politica-de-cookies\/#breadcrumb\",\"itemListElement\":[{\"@type\":\"ListItem\",\"position\":1,\"name\":\"Portada\",\"item\":\"https:\/\/f29bar.es\/\"},{\"@type\":\"ListItem\",\"position\":2,\"name\":\"Pol\u00edtica de Cookies\"}]}]}<\/script>\n<!-- \/ Yoast SEO plugin. -->","yoast_head_json":{"title":"Pol\u00edtica de Cookies - F29 Bar &amp; Lounge","description":"Esta es la pol\u00edtica de Cookies de F-29 Bar & Lounge.","robots":{"index":"noindex","follow":"nofollow"},"og_locale":"en_GB","og_type":"article","og_title":"Pol\u00edtica de Cookies - F29 Bar &amp; Lounge","og_description":"Esta es la pol\u00edtica de Cookies de F-29 Bar & Lounge.","og_url":"https:\/\/f29bar.es\/en\/politica-de-cookies\/","og_site_name":"F29 Bar &amp; Lounge","article_modified_time":"2021-05-30T10:27:35+00:00","twitter_card":"summary_large_image","schema":{"@context":"https:\/\/schema.org","@graph":[{"@type":"WebSite","@id":"https:\/\/f29bar.es\/#website","url":"https:\/\/f29bar.es\/","name":"F29 Bar &amp; Lounge","description":"Disfruta de una experiencia de altura","potentialAction":[{"@type":"SearchAction","target":{"@type":"EntryPoint","urlTemplate":"https:\/\/f29bar.es\/?s={search_term_string}"},"query-input":"required name=search_term_string"}],"inLanguage":"en-GB"},{"@type":"WebPage","@id":"https:\/\/f29bar.es\/politica-de-cookies\/#webpage","url":"https:\/\/f29bar.es\/politica-de-cookies\/","name":"Pol\u00edtica de Cookies - F29 Bar &amp; Lounge","isPartOf":{"@id":"https:\/\/f29bar.es\/#website"},"datePublished":"2021-05-26T11:15:24+00:00","dateModified":"2021-05-30T10:27:35+00:00","description":"Esta es la pol\u00edtica de Cookies de F-29 Bar & Lounge.","breadcrumb":{"@id":"https:\/\/f29bar.es\/politica-de-cookies\/#breadcrumb"},"inLanguage":"en-GB","potentialAction":[{"@type":"ReadAction","target":["https:\/\/f29bar.es\/politica-de-cookies\/"]}]},{"@type":"BreadcrumbList","@id":"https:\/\/f29bar.es\/politica-de-cookies\/#breadcrumb","itemListElement":[{"@type":"ListItem","position":1,"name":"Portada","item":"https:\/\/f29bar.es\/"},{"@type":"ListItem","position":2,"name":"Pol\u00edtica de Cookies"}]}]}},"_links":{"self":[{"href":"https:\/\/f29bar.es\/en\/wp-json\/wp\/v2\/pages\/42"}],"collection":[{"href":"https:\/\/f29bar.es\/en\/wp-json\/wp\/v2\/pages"}],"about":[{"href":"https:\/\/f29bar.es\/en\/wp-json\/wp\/v2\/types\/page"}],"author":[{"embeddable":true,"href":"https:\/\/f29bar.es\/en\/wp-json\/wp\/v2\/users\/1"}],"replies":[{"embeddable":true,"href":"https:\/\/f29bar.es\/en\/wp-json\/wp\/v2\/comments?post=42"}],"version-history":[{"count":1,"href":"https:\/\/f29bar.es\/en\/wp-json\/wp\/v2\/pages\/42\/revisions"}],"predecessor-version":[{"id":47,"href":"https:\/\/f29bar.es\/en\/wp-json\/wp\/v2\/pages\/42\/revisions\/47"}],"wp:attachment":[{"href":"https:\/\/f29bar.es\/en\/wp-json\/wp\/v2\/media?parent=42"}],"curies":[{"name":"wp","href":"https:\/\/api.w.org\/{rel}","templated":true}]}}