{"id":43,"date":"2021-05-26T11:15:24","date_gmt":"2021-05-26T11:15:24","guid":{"rendered":"https:\/\/f29bar.es\/personalizar-cookies\/"},"modified":"2021-05-30T10:27:08","modified_gmt":"2021-05-30T10:27:08","slug":"personalizar-cookies","status":"publish","type":"page","link":"https:\/\/f29bar.es\/en\/personalizar-cookies\/","title":{"rendered":"Customize Cookies"},"content":{"rendered":"<div>\n      <div id=\"custom-cookies-eu-label\">\n\n        We use cookies to ensure that our website works properly, and to give you the best possible experience.\n          &nbsp;&nbsp;\n          <a target=\"_blank\" id=\"cookies-eu-more\" rel=\"nofollow\" href=\"https:\/\/f29bar.es\/en\/politica-de-cookies\/\">More information<\/a>\n      <\/div>\n\n      <div id=\"custom-cookies-eu-buttons\" class=\"cookies-eu-buttons\">\n        <button id=\"custom-cookies-eu-reject\" class=\"cookies-eu-reject\">Refuse<\/button>\n        <button id=\"custom-cookies-eu-accept\" class=\"cookies-eu-accept\">ACCEPT ALL COOKIES<\/button><\/div>\n      <\/div>\n\n<br\/>\n<p>\n\tPuedes cambiar tus preferencias de cookies en cualquier momento si vuelves a la p\u00e1gina de Personalizar cookies, a la que puedes acceder a trav\u00e9s del Aviso de cookies. Para obtener m\u00e1s informaci\u00f3n sobre las cookies y c\u00f3mo las usamos, consulta la p\u00e1gina de <a href=\"https:\/\/f29bar.es\/en\/politica-de-cookies\/\">Cookie Policy<\/a>.\n<\/p>\n\n<h3>Technical cookies:<\/h3>\n<p>\n\tThese are those that allow registered users to navigate through the website, the restricted area and to use its different functions, such as, for example, the comments system or the search engine.\n<\/p>\n\n<div class=\"custom-cookies-option\">\n  <h3>Analysis or measurement cookies:<\/h3>\n  <span>\n    <input type=\"radio\" name=\"cookies-analytics-option\" value=\"true\" class=\"custom-cookies-radio\" data-consent=\"ANLTCS\" id=\"custom-cookies-accept-analytics\" >\n    <label for=\"custom-cookies-accept-analytics\">Enable<\/label>\n    &nbsp;&nbsp;\n    <input type=\"radio\" name=\"cookies-analytics-option\" value=\"false\" class=\"custom-cookies-radio\" data-consent=\"ANLTCS\" id=\"custom-cookies-reject-analytics\" \n    checked>\n    <label for=\"custom-cookies-reject-analytics\">Disable<\/label>\n<\/span>\n<\/div>\n\n<p>\n\tThey are those that, either processed by the website or by third parties, allow us to quantify the number of users and thus carry out the measurement and statistical analysis of the use made by users of the website. To do this, the browsing you do on this website is analysed in order to improve it.\n<\/p>\n\n<div class=\"custom-cookies-option\">\n  <h3>Social cookies:<\/h3>\n  <span>\n    <input type=\"radio\" name=\"cookies-social-option\" value=\"true\" class=\"custom-cookies-radio\" data-consent=\"SCLS\" id=\"custom-cookies-accept-social\" \n    >\n    <label for=\"custom-cookies-accept-social\">Enable<\/label>\n    &nbsp;&nbsp;\n    <input type=\"radio\" name=\"cookies-social-option\" value=\"false\" class=\"custom-cookies-radio\" data-consent=\"SCLS\" id=\"custom-cookies-reject-social\" \n    checked>\n    <label for=\"custom-cookies-reject-social\">Disable<\/label>\n<\/span>\n<\/div>\n\n<p>\n  They are set up by social media platforms to allow users to share content with their friends and networks.  \n<\/p>","protected":false},"excerpt":{"rendered":"<p>Utilizamos cookies para asegurarnos que nuestro sitio web funciona correctamente, y para que usted tenga la mejor experiencia posible. &nbsp;&nbsp; M\u00e1s informaci\u00f3n Rechazar ACEPTAR TODAS LAS COOKIES Puedes cambiar tus preferencias de cookies en cualquier momento si vuelves a la p\u00e1gina de Personalizar cookies, a la que puedes acceder a trav\u00e9s del Aviso de cookies.&hellip; <a class=\"more-link\" href=\"https:\/\/f29bar.es\/en\/personalizar-cookies\/\">Continue reading <span class=\"screen-reader-text\">Customize Cookies<\/span><\/a><\/p>","protected":false},"author":1,"featured_media":0,"parent":0,"menu_order":0,"comment_status":"closed","ping_status":"closed","template":"","meta":[],"yoast_head":"<!-- This site is optimized with the Yoast SEO plugin v18.9 - https:\/\/yoast.com\/wordpress\/plugins\/seo\/ -->\n<title>Personalizar Cookies - F29 Bar &amp; Lounge<\/title>\n<meta name=\"robots\" content=\"noindex, nofollow\" \/>\n<meta property=\"og:locale\" content=\"en_GB\" \/>\n<meta property=\"og:type\" content=\"article\" \/>\n<meta property=\"og:title\" content=\"Personalizar Cookies - F29 Bar &amp; Lounge\" \/>\n<meta property=\"og:description\" content=\"Utilizamos cookies para asegurarnos que nuestro sitio web funciona correctamente, y para que usted tenga la mejor experiencia posible. &nbsp;&nbsp; M\u00e1s informaci\u00f3n Rechazar ACEPTAR TODAS LAS COOKIES Puedes cambiar tus preferencias de cookies en cualquier momento si vuelves a la p\u00e1gina de Personalizar cookies, a la que puedes acceder a trav\u00e9s del Aviso de cookies.&hellip; Continue reading Personalizar Cookies\" \/>\n<meta property=\"og:url\" content=\"https:\/\/f29bar.es\/en\/personalizar-cookies\/\" \/>\n<meta property=\"og:site_name\" content=\"F29 Bar &amp; Lounge\" \/>\n<meta property=\"article:modified_time\" content=\"2021-05-30T10:27:08+00:00\" \/>\n<meta name=\"twitter:card\" content=\"summary_large_image\" \/>\n<script type=\"application\/ld+json\" class=\"yoast-schema-graph\">{\"@context\":\"https:\/\/schema.org\",\"@graph\":[{\"@type\":\"WebSite\",\"@id\":\"https:\/\/f29bar.es\/#website\",\"url\":\"https:\/\/f29bar.es\/\",\"name\":\"F29 Bar &amp; Lounge\",\"description\":\"Disfruta de una experiencia de altura\",\"potentialAction\":[{\"@type\":\"SearchAction\",\"target\":{\"@type\":\"EntryPoint\",\"urlTemplate\":\"https:\/\/f29bar.es\/?s={search_term_string}\"},\"query-input\":\"required name=search_term_string\"}],\"inLanguage\":\"en-GB\"},{\"@type\":\"WebPage\",\"@id\":\"https:\/\/f29bar.es\/personalizar-cookies\/#webpage\",\"url\":\"https:\/\/f29bar.es\/personalizar-cookies\/\",\"name\":\"Personalizar Cookies - F29 Bar &amp; Lounge\",\"isPartOf\":{\"@id\":\"https:\/\/f29bar.es\/#website\"},\"datePublished\":\"2021-05-26T11:15:24+00:00\",\"dateModified\":\"2021-05-30T10:27:08+00:00\",\"breadcrumb\":{\"@id\":\"https:\/\/f29bar.es\/personalizar-cookies\/#breadcrumb\"},\"inLanguage\":\"en-GB\",\"potentialAction\":[{\"@type\":\"ReadAction\",\"target\":[\"https:\/\/f29bar.es\/personalizar-cookies\/\"]}]},{\"@type\":\"BreadcrumbList\",\"@id\":\"https:\/\/f29bar.es\/personalizar-cookies\/#breadcrumb\",\"itemListElement\":[{\"@type\":\"ListItem\",\"position\":1,\"name\":\"Portada\",\"item\":\"https:\/\/f29bar.es\/\"},{\"@type\":\"ListItem\",\"position\":2,\"name\":\"Personalizar Cookies\"}]}]}<\/script>\n<!-- \/ Yoast SEO plugin. -->","yoast_head_json":{"title":"Personalizar Cookies - F29 Bar &amp; Lounge","robots":{"index":"noindex","follow":"nofollow"},"og_locale":"en_GB","og_type":"article","og_title":"Personalizar Cookies - F29 Bar &amp; Lounge","og_description":"Utilizamos cookies para asegurarnos que nuestro sitio web funciona correctamente, y para que usted tenga la mejor experiencia posible. &nbsp;&nbsp; M\u00e1s informaci\u00f3n Rechazar ACEPTAR TODAS LAS COOKIES Puedes cambiar tus preferencias de cookies en cualquier momento si vuelves a la p\u00e1gina de Personalizar cookies, a la que puedes acceder a trav\u00e9s del Aviso de cookies.&hellip; Continue reading Personalizar Cookies","og_url":"https:\/\/f29bar.es\/en\/personalizar-cookies\/","og_site_name":"F29 Bar &amp; Lounge","article_modified_time":"2021-05-30T10:27:08+00:00","twitter_card":"summary_large_image","schema":{"@context":"https:\/\/schema.org","@graph":[{"@type":"WebSite","@id":"https:\/\/f29bar.es\/#website","url":"https:\/\/f29bar.es\/","name":"F29 Bar &amp; Lounge","description":"Disfruta de una experiencia de altura","potentialAction":[{"@type":"SearchAction","target":{"@type":"EntryPoint","urlTemplate":"https:\/\/f29bar.es\/?s={search_term_string}"},"query-input":"required name=search_term_string"}],"inLanguage":"en-GB"},{"@type":"WebPage","@id":"https:\/\/f29bar.es\/personalizar-cookies\/#webpage","url":"https:\/\/f29bar.es\/personalizar-cookies\/","name":"Personalizar Cookies - F29 Bar &amp; Lounge","isPartOf":{"@id":"https:\/\/f29bar.es\/#website"},"datePublished":"2021-05-26T11:15:24+00:00","dateModified":"2021-05-30T10:27:08+00:00","breadcrumb":{"@id":"https:\/\/f29bar.es\/personalizar-cookies\/#breadcrumb"},"inLanguage":"en-GB","potentialAction":[{"@type":"ReadAction","target":["https:\/\/f29bar.es\/personalizar-cookies\/"]}]},{"@type":"BreadcrumbList","@id":"https:\/\/f29bar.es\/personalizar-cookies\/#breadcrumb","itemListElement":[{"@type":"ListItem","position":1,"name":"Portada","item":"https:\/\/f29bar.es\/"},{"@type":"ListItem","position":2,"name":"Personalizar Cookies"}]}]}},"_links":{"self":[{"href":"https:\/\/f29bar.es\/en\/wp-json\/wp\/v2\/pages\/43"}],"collection":[{"href":"https:\/\/f29bar.es\/en\/wp-json\/wp\/v2\/pages"}],"about":[{"href":"https:\/\/f29bar.es\/en\/wp-json\/wp\/v2\/types\/page"}],"author":[{"embeddable":true,"href":"https:\/\/f29bar.es\/en\/wp-json\/wp\/v2\/users\/1"}],"replies":[{"embeddable":true,"href":"https:\/\/f29bar.es\/en\/wp-json\/wp\/v2\/comments?post=43"}],"version-history":[{"count":1,"href":"https:\/\/f29bar.es\/en\/wp-json\/wp\/v2\/pages\/43\/revisions"}],"predecessor-version":[{"id":446,"href":"https:\/\/f29bar.es\/en\/wp-json\/wp\/v2\/pages\/43\/revisions\/446"}],"wp:attachment":[{"href":"https:\/\/f29bar.es\/en\/wp-json\/wp\/v2\/media?parent=43"}],"curies":[{"name":"wp","href":"https:\/\/api.w.org\/{rel}","templated":true}]}}